{"id":7622,"date":"2023-02-27T19:54:54","date_gmt":"2023-02-27T19:54:54","guid":{"rendered":"https:\/\/www.lazuli.pt\/?post_type=product&#038;p=7622"},"modified":"2023-07-10T19:19:44","modified_gmt":"2023-07-10T19:19:44","slug":"mysneaker-raffia-petrol","status":"publish","type":"product","link":"https:\/\/www.lazuli.pt\/fr\/produit\/mysneaker-raffia-petrol\/","title":{"rendered":"mySNEAKER RAFFIA Petrol"},"content":{"rendered":"<p data-sanitized-data-mce-fragment=\"1\">Malgr\u00e9 son aspect rustique donn\u00e9 par la texture des mat\u00e9riaux et les coutures visibles \u00e0 l'ext\u00e9rieur, c'est une basket tr\u00e8s confortable. Elle est dot\u00e9e d'une semelle int\u00e9rieure en microfibre avec mousse pour vous offrir le plus grand confort pendant de longues p\u00e9riodes d'utilisation.<\/p>\n<p data-sanitized-data-mce-fragment=\"1\"><strong data-sanitized-data-mce-fragment=\"1\">MAT\u00c9RIEL<\/strong><span data-sanitized-data-mce-fragment=\"1\">\u00a0| Tissu 74% v\u00e9g\u00e9tal et tissu 55%\u00a0\u00a0<a title=\"Mat\u00e9riaux \u00e9cologiques : Coton\" href=\"https:\/\/www.lazuli.pt\/fr\/materiais-algodao\/\" data-sanitized-data-mce-fragment=\"1\" data-sanitized-data-mce-href=\"https:\/\/shoelutions.store\/pages\/algodao\">coton<\/a>\u00a0et 45% de polypropyl\u00e8ne<\/span><br data-sanitized-data-mce-fragment=\"1\" \/><strong data-sanitized-data-mce-fragment=\"1\">SEMELLE<\/strong><span data-sanitized-data-mce-fragment=\"1\">\u00a0| Caoutchouc TR avec 50% de mat\u00e9riaux recycl\u00e9s<\/span><br data-sanitized-data-mce-fragment=\"1\" \/><strong data-sanitized-data-mce-fragment=\"1\">COLLEUR<\/strong><span data-sanitized-data-mce-fragment=\"1\">\u00a0| Bleue<\/span><br data-sanitized-data-mce-fragment=\"1\" \/><strong data-sanitized-data-mce-fragment=\"1\">DOUBLURE<\/strong><span data-sanitized-data-mce-fragment=\"1\">\u00a0| Tissu de\u00a0<a title=\"Mat\u00e9riaux \u00e9cologiques : Air 3D Bamboo\" href=\"https:\/\/www.lazuli.pt\/fr\/materiais-bambu\/\">bambou<\/a>\u00a0et polyester<\/span><br data-sanitized-data-mce-fragment=\"1\" \/><strong data-sanitized-data-mce-fragment=\"1\">SEMELLE INT\u00c9RIEUR<\/strong><span data-sanitized-data-mce-fragment=\"1\">\u00a0|\u00a0<a title=\"Mat\u00e9riaux \u00e9cologiques : Bio-Eco Microfibre\" href=\"https:\/\/www.lazuli.pt\/fr\/materiais-cereais\/\">Microfibre Bio-Corn<\/a> avec une mousse \u00e9cologique fabriqu\u00e9e \u00e0 partir de d\u00e9chets recycl\u00e9s et de ressources naturelles<\/span><br data-sanitized-data-mce-fragment=\"1\" \/><strong data-sanitized-data-mce-fragment=\"1\">EMBOUT\u00a0<\/strong><span data-sanitized-data-mce-fragment=\"1\">| Ronde<\/span><\/p>","protected":false},"excerpt":{"rendered":"<p>Apesar do seu ar r\u00fastico dado pela textura dos materiais e pelas costuras vis\u00edveis no exterior, este \u00e9 um sneaker muito confort\u00e1vel. Conta com uma palmilha em microfibra com espuma\u00a0para te dar o maior conforto durante longos per\u00edodos de utiliza\u00e7\u00e3o. MATERIAL\u00a0| Tecido 74% de origem vegetal e tecido 55% de\u00a0\u00a0algod\u00e3o\u00a0e 45% polipropilenoSOLA\u00a0|\u00a0Borracha TR com 50%\u00a0materiais [&hellip;]<\/p>\n","protected":false},"featured_media":7522,"template":"","meta":[],"product_brand":[],"product_cat":[42],"product_tag":[71,44,47,43],"class_list":{"0":"post-7622","1":"product","2":"type-product","3":"status-publish","4":"has-post-thumbnail","6":"product_cat-sapatilhas","7":"product_tag-algodao","8":"product_tag-bambu","9":"product_tag-cereais","10":"product_tag-sapatilhas","12":"first","13":"instock","14":"shipping-taxable","15":"product-type-external"},"aioseo_notices":[],"_links":{"self":[{"href":"https:\/\/www.lazuli.pt\/fr\/wp-json\/wp\/v2\/product\/7622","targetHints":{"allow":["GET"]}}],"collection":[{"href":"https:\/\/www.lazuli.pt\/fr\/wp-json\/wp\/v2\/product"}],"about":[{"href":"https:\/\/www.lazuli.pt\/fr\/wp-json\/wp\/v2\/types\/product"}],"version-history":[{"count":2,"href":"https:\/\/www.lazuli.pt\/fr\/wp-json\/wp\/v2\/product\/7622\/revisions"}],"predecessor-version":[{"id":9929,"href":"https:\/\/www.lazuli.pt\/fr\/wp-json\/wp\/v2\/product\/7622\/revisions\/9929"}],"wp:featuredmedia":[{"embeddable":true,"href":"https:\/\/www.lazuli.pt\/fr\/wp-json\/wp\/v2\/media\/7522"}],"wp:attachment":[{"href":"https:\/\/www.lazuli.pt\/fr\/wp-json\/wp\/v2\/media?parent=7622"}],"wp:term":[{"taxonomy":"product_brand","embeddable":true,"href":"https:\/\/www.lazuli.pt\/fr\/wp-json\/wp\/v2\/product_brand?post=7622"},{"taxonomy":"product_cat","embeddable":true,"href":"https:\/\/www.lazuli.pt\/fr\/wp-json\/wp\/v2\/product_cat?post=7622"},{"taxonomy":"product_tag","embeddable":true,"href":"https:\/\/www.lazuli.pt\/fr\/wp-json\/wp\/v2\/product_tag?post=7622"}],"curies":[{"name":"wp","href":"https:\/\/api.w.org\/{rel}","templated":true}]}}