{"id":7591,"date":"2023-02-27T17:48:56","date_gmt":"2023-02-27T17:48:56","guid":{"rendered":"https:\/\/www.lazuli.pt\/?post_type=product&#038;p=7591"},"modified":"2023-07-10T15:54:05","modified_gmt":"2023-07-10T15:54:05","slug":"mymule-surf-red","status":"publish","type":"product","link":"https:\/\/www.lazuli.pt\/fr\/produit\/mymule-surf-red\/","title":{"rendered":"myMULE SURF Red"},"content":{"rendered":"<p data-sanitized-data-mce-fragment=\"1\">Pratique et confortable sont les meilleurs adjectifs pour d\u00e9finir ces sandales ! Leur motif \u00e0 l'avant donne une touche de d\u00e9contraction et de gaiet\u00e9 au mod\u00e8le.<\/p>\n<ul>\n<li data-sanitized-data-mce-fragment=\"1\"><strong data-sanitized-data-mce-fragment=\"1\">MAT\u00c9RIEL<\/strong><span data-sanitized-data-mce-fragment=\"1\">\u00a0| Tissu 50%\u00a0<a href=\"https:\/\/www.lazuli.pt\/fr\/materiais-algodao\/\">coton <\/a><\/span><\/li>\n<li data-sanitized-data-mce-fragment=\"1\"><strong data-sanitized-data-mce-fragment=\"1\">SEMELLE<\/strong><span data-sanitized-data-mce-fragment=\"1\"> | <a href=\"https:\/\/www.lazuli.pt\/fr\/materiais-borracha-natural\/\">Caoutchouc naturel<\/a> et <a href=\"https:\/\/www.lazuli.pt\/fr\/materiais-corda-de-juta\/\">corde de jute<\/a><\/span><\/li>\n<li data-sanitized-data-mce-fragment=\"1\"><strong data-sanitized-data-mce-fragment=\"1\">COLLEUR<\/strong><span data-sanitized-data-mce-fragment=\"1\"> | Rouge<\/span><\/li>\n<li data-sanitized-data-mce-fragment=\"1\"><strong data-sanitized-data-mce-fragment=\"1\">EMBOUT\u00a0<\/strong><span data-sanitized-data-mce-fragment=\"1\">| Ronde<\/span><\/li>\n<\/ul>","protected":false},"excerpt":{"rendered":"<p>Pratiques et confortables sont les adjectifs qui d\u00e9crivent le mieux ces sandales\u00a0! Leur motif sur le devant leur conf\u00e8re une allure d\u00e9contract\u00e9e et joyeuse. MAT\u00c9RIAU | Tissu en coton 50%. SEMELLE | Caoutchouc naturel et corde de jute. COULEUR | Rouge. BOUT | Rond.<\/p>","protected":false},"featured_media":7592,"template":"","meta":[],"product_brand":[],"product_cat":[65,66],"product_tag":[71,67,69,70],"class_list":{"0":"post-7591","1":"product","2":"type-product","3":"status-publish","4":"has-post-thumbnail","6":"product_cat-alpergatas","7":"product_cat-myespadrille","8":"product_tag-algodao","9":"product_tag-alpergatas","10":"product_tag-borracha-natural","11":"product_tag-corda-juta","13":"first","14":"instock","15":"shipping-taxable","16":"product-type-external"},"aioseo_notices":[],"_links":{"self":[{"href":"https:\/\/www.lazuli.pt\/fr\/wp-json\/wp\/v2\/product\/7591","targetHints":{"allow":["GET"]}}],"collection":[{"href":"https:\/\/www.lazuli.pt\/fr\/wp-json\/wp\/v2\/product"}],"about":[{"href":"https:\/\/www.lazuli.pt\/fr\/wp-json\/wp\/v2\/types\/product"}],"version-history":[{"count":1,"href":"https:\/\/www.lazuli.pt\/fr\/wp-json\/wp\/v2\/product\/7591\/revisions"}],"predecessor-version":[{"id":7605,"href":"https:\/\/www.lazuli.pt\/fr\/wp-json\/wp\/v2\/product\/7591\/revisions\/7605"}],"wp:featuredmedia":[{"embeddable":true,"href":"https:\/\/www.lazuli.pt\/fr\/wp-json\/wp\/v2\/media\/7592"}],"wp:attachment":[{"href":"https:\/\/www.lazuli.pt\/fr\/wp-json\/wp\/v2\/media?parent=7591"}],"wp:term":[{"taxonomy":"product_brand","embeddable":true,"href":"https:\/\/www.lazuli.pt\/fr\/wp-json\/wp\/v2\/product_brand?post=7591"},{"taxonomy":"product_cat","embeddable":true,"href":"https:\/\/www.lazuli.pt\/fr\/wp-json\/wp\/v2\/product_cat?post=7591"},{"taxonomy":"product_tag","embeddable":true,"href":"https:\/\/www.lazuli.pt\/fr\/wp-json\/wp\/v2\/product_tag?post=7591"}],"curies":[{"name":"wp","href":"https:\/\/api.w.org\/{rel}","templated":true}]}}