{"id":2071,"date":"2022-03-13T01:55:47","date_gmt":"2022-03-13T01:55:47","guid":{"rendered":"https:\/\/lazuli.pt\/?post_type=product&#038;p=2071"},"modified":"2023-07-10T15:06:14","modified_gmt":"2023-07-10T15:06:14","slug":"myespadrille-dk-bege","status":"publish","type":"product","link":"https:\/\/www.lazuli.pt\/fr\/produit\/myespadrille-dk-bege\/","title":{"rendered":"MyESPADRILLE DK Bege"},"content":{"rendered":"<p data-sanitized-data-mce-fragment=\"1\">Une combinaison parfaite de mat\u00e9riaux durables et organiques avec l'artisanat portugais.<\/p>\n<ul data-sanitized-data-mce-fragment=\"1\">\n<li data-sanitized-data-mce-fragment=\"1\"><strong data-sanitized-data-mce-fragment=\"1\">MAT\u00c9RIEL\u00a0<\/strong>| Tissu de <a href=\"https:\/\/www.lazuli.pt\/fr\/materiais-algodao-reciclado\/\">coton<\/a><\/li>\n<li data-sanitized-data-mce-fragment=\"1\"><strong data-sanitized-data-mce-fragment=\"1\">SEMELLE\u00a0<\/strong>| <a href=\"https:\/\/www.lazuli.pt\/fr\/materiais-borracha-natural\/\">Caoutchouc naturel<\/a> et <a href=\"https:\/\/www.lazuli.pt\/fr\/materiais-corda-de-juta\/\">corde de jute<\/a><\/li>\n<li data-sanitized-data-mce-fragment=\"1\"><strong data-sanitized-data-mce-fragment=\"1\">COLLEUR\u00a0<\/strong>| Beige<\/li>\n<li data-sanitized-data-mce-fragment=\"1\"><strong data-sanitized-data-mce-fragment=\"1\">DOUBLURE\u00a0<\/strong>|\u00a0Microfibre BIO-ECO\u00a0(20% <a href=\"https:\/\/www.lazuli.pt\/fr\/materiais-cereais\/\">des c\u00e9r\u00e9ales<\/a>, 40% <a href=\"https:\/\/www.lazuli.pt\/fr\/materiais-plastico-reciclado\/\">plastique recycl\u00e9<\/a>)<\/li>\n<li data-sanitized-data-mce-fragment=\"1\"><strong data-sanitized-data-mce-fragment=\"1\">SEMELLE INT\u00c9RIEUR\u00a0<\/strong>|\u00a0\u00a0Microfibre BIO-ECO<\/li>\n<li data-sanitized-data-mce-fragment=\"1\"><strong data-sanitized-data-mce-fragment=\"1\">EMBOUT\u00a0<\/strong>| Ronde<\/li>\n<\/ul>","protected":false},"excerpt":{"rendered":"<p>Uma conjuga\u00e7\u00e3o perfeita de materiais sustent\u00e1veis e org\u00e2nicos com fabrico artesanal. MATERIAL\u00a0| Tecido de algod\u00e3o SOLA\u00a0| Borracha natural e corda de juta COR\u00a0| Bege FORRO\u00a0|\u00a0Microfibra BIO-ECO\u00a0(20% cereais, 40% pl\u00e1stico reciclado) PALMILHA\u00a0|\u00a0\u00a0Microfibra BIO-ECO BIQUEIRA\u00a0|\u00a0Redonda<\/p>","protected":false},"featured_media":2072,"template":"","meta":[],"product_brand":[],"product_cat":[65,66],"product_tag":[71,67,69,47,70,56],"class_list":{"0":"post-2071","1":"product","2":"type-product","3":"status-publish","4":"has-post-thumbnail","6":"product_cat-alpergatas","7":"product_cat-myespadrille","8":"product_tag-algodao","9":"product_tag-alpergatas","10":"product_tag-borracha-natural","11":"product_tag-cereais","12":"product_tag-corda-juta","13":"product_tag-plastico-reciclado","15":"first","16":"instock","17":"shipping-taxable","18":"product-type-external"},"aioseo_notices":[],"_links":{"self":[{"href":"https:\/\/www.lazuli.pt\/fr\/wp-json\/wp\/v2\/product\/2071","targetHints":{"allow":["GET"]}}],"collection":[{"href":"https:\/\/www.lazuli.pt\/fr\/wp-json\/wp\/v2\/product"}],"about":[{"href":"https:\/\/www.lazuli.pt\/fr\/wp-json\/wp\/v2\/types\/product"}],"version-history":[{"count":2,"href":"https:\/\/www.lazuli.pt\/fr\/wp-json\/wp\/v2\/product\/2071\/revisions"}],"predecessor-version":[{"id":9916,"href":"https:\/\/www.lazuli.pt\/fr\/wp-json\/wp\/v2\/product\/2071\/revisions\/9916"}],"wp:featuredmedia":[{"embeddable":true,"href":"https:\/\/www.lazuli.pt\/fr\/wp-json\/wp\/v2\/media\/2072"}],"wp:attachment":[{"href":"https:\/\/www.lazuli.pt\/fr\/wp-json\/wp\/v2\/media?parent=2071"}],"wp:term":[{"taxonomy":"product_brand","embeddable":true,"href":"https:\/\/www.lazuli.pt\/fr\/wp-json\/wp\/v2\/product_brand?post=2071"},{"taxonomy":"product_cat","embeddable":true,"href":"https:\/\/www.lazuli.pt\/fr\/wp-json\/wp\/v2\/product_cat?post=2071"},{"taxonomy":"product_tag","embeddable":true,"href":"https:\/\/www.lazuli.pt\/fr\/wp-json\/wp\/v2\/product_tag?post=2071"}],"curies":[{"name":"wp","href":"https:\/\/api.w.org\/{rel}","templated":true}]}}