{"id":1727,"date":"2022-03-12T15:34:21","date_gmt":"2022-03-12T15:34:21","guid":{"rendered":"https:\/\/lazuli.pt\/?post_type=product&#038;p=1727"},"modified":"2023-07-07T15:55:42","modified_gmt":"2023-07-07T15:55:42","slug":"myflat-sandal-brick","status":"publish","type":"product","link":"https:\/\/www.lazuli.pt\/fr\/produit\/myflat-sandal-brick\/","title":{"rendered":"MyFLAT SANDAL Brick"},"content":{"rendered":"<p>Parfaite pour les journ\u00e9es les plus charg\u00e9es de l'\u00e9t\u00e9, cette sandale v\u00e9g\u00e9talienne pratique et confortable est fabriqu\u00e9e \u00e0 partir de feuilles de palmier et de microfibres bio-\u00e9cologiques.<\/p>\n<p><strong>MAT\u00c9RIEL<\/strong>\u00a0| <a href=\"https:\/\/www.lazuli.pt\/fr\/materiais-folhas-de-palmeira\/\">Raphia de palmier<\/a><br \/>\n<strong>SEMELLE<\/strong>\u00a0| N\u00e9olite<br \/>\n<strong>COLLEUR<\/strong> | Brique<br \/>\n<strong>DOUBLURE<\/strong>\u00a0| Microfibre BIO-ECO\u00a0(20% <a href=\"https:\/\/lazuli.pt\/fr\/materiais\/#cereais\">des c\u00e9r\u00e9ales<\/a> 40% <a href=\"https:\/\/www.lazuli.pt\/fr\/materiais-plastico-reciclado\/\">plastique recycl\u00e9<\/a> )<br \/>\n<strong>SEMELLE INT\u00c9RIEUR<\/strong> | Microfibre BIO-ECO\u00a0(20% <a href=\"https:\/\/lazuli.pt\/fr\/materiais\/#cereais\">des c\u00e9r\u00e9ales<\/a> 40% <a href=\"https:\/\/www.lazuli.pt\/fr\/materiais-plastico-reciclado\/\">plastique recycl\u00e9<\/a> )<br \/>\n<strong>EMBOUT<\/strong>\u00a0| Ronde<\/p>","protected":false},"excerpt":{"rendered":"<p>Perfeita para os dias mais agitados do ver\u00e3o esta pr\u00e1tica e confort\u00e1vel sand\u00e1lia vegan \u00e9 feita com folhas de palmeiras e microfibra bio-eco. MATERIAL\u00a0| R\u00e1fia de Palmeira SOLA\u00a0| Neolite COR | Tijolo FORRO\u00a0| Microfibra BIO-ECO\u00a0(20% cereais 40% pl\u00e1stico reciclado ) PALMILHA | Microfibra BIO-ECO\u00a0(20% cereais 40% pl\u00e1stico reciclado ) BIQUEIRA\u00a0| Redonda<\/p>","protected":false},"featured_media":1718,"template":"","meta":[],"product_brand":[],"product_cat":[50,49],"product_tag":[47,52,56,51],"class_list":{"0":"post-1727","1":"product","2":"type-product","3":"status-publish","4":"has-post-thumbnail","6":"product_cat-myflat","7":"product_cat-sandalias","8":"product_tag-cereais","9":"product_tag-folha-palmeira","10":"product_tag-plastico-reciclado","11":"product_tag-sandalias","13":"first","14":"instock","15":"shipping-taxable","16":"product-type-external"},"aioseo_notices":[],"_links":{"self":[{"href":"https:\/\/www.lazuli.pt\/fr\/wp-json\/wp\/v2\/product\/1727","targetHints":{"allow":["GET"]}}],"collection":[{"href":"https:\/\/www.lazuli.pt\/fr\/wp-json\/wp\/v2\/product"}],"about":[{"href":"https:\/\/www.lazuli.pt\/fr\/wp-json\/wp\/v2\/types\/product"}],"version-history":[{"count":1,"href":"https:\/\/www.lazuli.pt\/fr\/wp-json\/wp\/v2\/product\/1727\/revisions"}],"predecessor-version":[{"id":9847,"href":"https:\/\/www.lazuli.pt\/fr\/wp-json\/wp\/v2\/product\/1727\/revisions\/9847"}],"wp:featuredmedia":[{"embeddable":true,"href":"https:\/\/www.lazuli.pt\/fr\/wp-json\/wp\/v2\/media\/1718"}],"wp:attachment":[{"href":"https:\/\/www.lazuli.pt\/fr\/wp-json\/wp\/v2\/media?parent=1727"}],"wp:term":[{"taxonomy":"product_brand","embeddable":true,"href":"https:\/\/www.lazuli.pt\/fr\/wp-json\/wp\/v2\/product_brand?post=1727"},{"taxonomy":"product_cat","embeddable":true,"href":"https:\/\/www.lazuli.pt\/fr\/wp-json\/wp\/v2\/product_cat?post=1727"},{"taxonomy":"product_tag","embeddable":true,"href":"https:\/\/www.lazuli.pt\/fr\/wp-json\/wp\/v2\/product_tag?post=1727"}],"curies":[{"name":"wp","href":"https:\/\/api.w.org\/{rel}","templated":true}]}}