{"id":14256,"date":"2025-09-10T16:48:25","date_gmt":"2025-09-10T16:48:25","guid":{"rendered":"https:\/\/www.lazuli.pt\/?post_type=product&#038;p=14256"},"modified":"2025-09-14T18:02:13","modified_gmt":"2025-09-14T18:02:13","slug":"mytennis-im-not-your-toy","status":"publish","type":"product","link":"https:\/\/www.lazuli.pt\/fr\/produit\/mytennis-im-not-your-toy\/","title":{"rendered":"myTENNIS I'm Not Your Toy"},"content":{"rendered":"<p>Avec leur silhouette classique et intemporelle, les baskets myTennis reviennent en noir. Elles sont fabriqu\u00e9es \u00e0 partir de mat\u00e9riaux v\u00e9ganes et durables, notamment le tissu Bio-Corn, fabriqu\u00e9 \u00e0 partir de sous-produits du ma\u00efs, et le tissu Uppeal, fabriqu\u00e9 \u00e0 partir de peaux de pommes. Une basket \u00e9l\u00e9gante pour les occasions les plus d\u00e9contract\u00e9es\u00a0!<\/p>\n<p><strong>MAT\u00c9RIEL<\/strong> |<a title=\"mat\u00e9riaux durables - c\u00e9r\u00e9ales\" href=\"https:\/\/www.lazuli.pt\/fr\/materiais-cereais\/\" data-saferedirecturl=\"https:\/\/www.google.com\/url?q=https:\/\/shoelutions.store\/pages\/microfibra-bio-eco&amp;source=gmail&amp;ust=1757601665126000&amp;usg=AOvVaw2dp2E93Eq3SlGCqb_XKx3D\">Tissu Bio-Ma\u00efs<\/a>\u00a0(43% Ma\u00efs + 26% Viscose + 31% PU) ; Microfibre (60% PU + 40% PA recycl\u00e9)<br \/>\n<strong>SEMELLE<\/strong>\u00a0| Caoutchouc naturel<br \/>\n<strong>COLLEUR<\/strong> | Noir<br \/>\n<strong>DOUBLURE<\/strong> |Microfibre (60% PU + 40% PA recycl\u00e9) ;<br \/>\n<strong>SEMELLE INT\u00c9RIEUR<\/strong> | <a title=\"Mat\u00e9riaux durables - Peau de pomme\" href=\"https:\/\/www.lazuli.pt\/fr\/materiais-casca-de-maca\/\">Tissu de d\u00e9chets de pommes<\/a><br \/>\n<strong>EMBOUT\u00a0<\/strong>| Ronde<\/p>","protected":false},"excerpt":{"rendered":"<p>Avec leur silhouette classique et intemporelle, les baskets myTennis reviennent en noir. Elles sont fabriqu\u00e9es \u00e0 partir de mat\u00e9riaux v\u00e9ganes et durables, notamment le tissu Bio-Corn, fabriqu\u00e9 \u00e0 partir de d\u00e9chets de ma\u00efs, et le tissu Uppeal, fabriqu\u00e9 \u00e0 partir de d\u00e9chets de peau de pomme. Une basket \u00e9l\u00e9gante pour les occasions les plus d\u00e9contract\u00e9es\u00a0!<\/p>","protected":false},"featured_media":14258,"template":"","meta":[],"product_brand":[],"product_cat":[59,42],"product_tag":[60,47,43],"class_list":{"0":"post-14256","1":"product","2":"type-product","3":"status-publish","4":"has-post-thumbnail","6":"product_cat-mytennis","7":"product_cat-sapatilhas","8":"product_tag-casca-maca","9":"product_tag-cereais","10":"product_tag-sapatilhas","12":"first","13":"instock","14":"shipping-taxable","15":"product-type-external"},"aioseo_notices":[],"_links":{"self":[{"href":"https:\/\/www.lazuli.pt\/fr\/wp-json\/wp\/v2\/product\/14256","targetHints":{"allow":["GET"]}}],"collection":[{"href":"https:\/\/www.lazuli.pt\/fr\/wp-json\/wp\/v2\/product"}],"about":[{"href":"https:\/\/www.lazuli.pt\/fr\/wp-json\/wp\/v2\/types\/product"}],"version-history":[{"count":2,"href":"https:\/\/www.lazuli.pt\/fr\/wp-json\/wp\/v2\/product\/14256\/revisions"}],"predecessor-version":[{"id":14423,"href":"https:\/\/www.lazuli.pt\/fr\/wp-json\/wp\/v2\/product\/14256\/revisions\/14423"}],"wp:featuredmedia":[{"embeddable":true,"href":"https:\/\/www.lazuli.pt\/fr\/wp-json\/wp\/v2\/media\/14258"}],"wp:attachment":[{"href":"https:\/\/www.lazuli.pt\/fr\/wp-json\/wp\/v2\/media?parent=14256"}],"wp:term":[{"taxonomy":"product_brand","embeddable":true,"href":"https:\/\/www.lazuli.pt\/fr\/wp-json\/wp\/v2\/product_brand?post=14256"},{"taxonomy":"product_cat","embeddable":true,"href":"https:\/\/www.lazuli.pt\/fr\/wp-json\/wp\/v2\/product_cat?post=14256"},{"taxonomy":"product_tag","embeddable":true,"href":"https:\/\/www.lazuli.pt\/fr\/wp-json\/wp\/v2\/product_tag?post=14256"}],"curies":[{"name":"wp","href":"https:\/\/api.w.org\/{rel}","templated":true}]}}