{"id":14080,"date":"2025-07-14T17:43:17","date_gmt":"2025-07-14T17:43:17","guid":{"rendered":"https:\/\/www.lazuli.pt\/?post_type=product&#038;p=14080"},"modified":"2026-02-06T18:30:15","modified_gmt":"2026-02-06T18:30:15","slug":"mycombat-matt-brown","status":"publish","type":"product","link":"https:\/\/www.lazuli.pt\/fr\/produit\/mycombat-matt-brown\/","title":{"rendered":"myCOMBAT MATT Brown"},"content":{"rendered":"<p>L&#039;hiver ne saurait \u00eatre complet sans une nouvelle version de ce mod\u00e8le d&#039;inspiration militaire sign\u00e9 Lazuli. Cette ann\u00e9e, elle conserve les teintes color\u00e9es de ses nouvelles semelles recycl\u00e9es et un tissu biosourc\u00e9 \u00e0 base de ma\u00efs et de coton dans une nouvelle nuance mate.<\/p>\n<p><strong>MAT\u00c9RIEL<\/strong> | <a href=\"https:\/\/www.lazuli.pt\/fr\/materiais-cereais\/\">Tissu en ma\u00efs bio (avec du ma\u00efs 43%)<\/a><br \/>\n<strong>SEMELLE<\/strong> | <a title=\"Mat\u00e9riaux durables - semelles recycl\u00e9es\" href=\"https:\/\/www.lazuli.pt\/fr\/materiais-cortica\/\">Caoutchouc TR avec 15% fabriqu\u00e9 \u00e0 partir de chutes de li\u00e8ge et de d\u00e9chets de caoutchouc.<\/a><br \/>\n<strong>COLLEUR<\/strong> | Marron<br \/>\n<strong>DOUBLURE<\/strong> | <a title=\"mat\u00e9riaux durables - c\u00e9r\u00e9ales\" href=\"https:\/\/www.lazuli.pt\/fr\/materiais-cereais\/\">Microfibre Bio-Eco<\/a> (28% ma\u00efs et 32% polyester recycl\u00e9)<br \/>\n<strong>SEMELLE INT\u00c9RIEUR<\/strong> | <a title=\"mat\u00e9riaux durables - c\u00e9r\u00e9ales\" href=\"https:\/\/www.lazuli.pt\/fr\/materiais-cereais\/\">Microfibre Bio-Eco<\/a> (28% ma\u00efs et 32% polyester recycl\u00e9)<br \/>\n<strong>TALON <\/strong>1,5 cm<br \/>\n<strong>EMBOUT\u00a0<\/strong>| Ronde<\/p>","protected":false},"excerpt":{"rendered":"<p>N\u00e3o h\u00e1 um inverno sem uma nova edi\u00e7\u00e3o deste modelo de estilo militar da Lazuli. Este ano mant\u00eam os tons coloridos das novas solas recicladas e um tecido biobased \u00e0 base de milho e algod\u00e3o com novos tons.<\/p>","protected":false},"featured_media":14031,"template":"","meta":[],"product_brand":[],"product_cat":[35,48],"product_tag":[36,47,54],"class_list":{"0":"post-14080","1":"product","2":"type-product","3":"status-publish","4":"has-post-thumbnail","6":"product_cat-botas","7":"product_cat-mycombat","8":"product_tag-botas","9":"product_tag-cereais","10":"product_tag-cortica","12":"first","13":"instock","14":"shipping-taxable","15":"product-type-external"},"aioseo_notices":[],"_links":{"self":[{"href":"https:\/\/www.lazuli.pt\/fr\/wp-json\/wp\/v2\/product\/14080","targetHints":{"allow":["GET"]}}],"collection":[{"href":"https:\/\/www.lazuli.pt\/fr\/wp-json\/wp\/v2\/product"}],"about":[{"href":"https:\/\/www.lazuli.pt\/fr\/wp-json\/wp\/v2\/types\/product"}],"version-history":[{"count":3,"href":"https:\/\/www.lazuli.pt\/fr\/wp-json\/wp\/v2\/product\/14080\/revisions"}],"predecessor-version":[{"id":14745,"href":"https:\/\/www.lazuli.pt\/fr\/wp-json\/wp\/v2\/product\/14080\/revisions\/14745"}],"wp:featuredmedia":[{"embeddable":true,"href":"https:\/\/www.lazuli.pt\/fr\/wp-json\/wp\/v2\/media\/14031"}],"wp:attachment":[{"href":"https:\/\/www.lazuli.pt\/fr\/wp-json\/wp\/v2\/media?parent=14080"}],"wp:term":[{"taxonomy":"product_brand","embeddable":true,"href":"https:\/\/www.lazuli.pt\/fr\/wp-json\/wp\/v2\/product_brand?post=14080"},{"taxonomy":"product_cat","embeddable":true,"href":"https:\/\/www.lazuli.pt\/fr\/wp-json\/wp\/v2\/product_cat?post=14080"},{"taxonomy":"product_tag","embeddable":true,"href":"https:\/\/www.lazuli.pt\/fr\/wp-json\/wp\/v2\/product_tag?post=14080"}],"curies":[{"name":"wp","href":"https:\/\/api.w.org\/{rel}","templated":true}]}}