{"id":13432,"date":"2025-02-24T17:07:59","date_gmt":"2025-02-24T17:07:59","guid":{"rendered":"https:\/\/www.lazuli.pt\/?post_type=product&#038;p=13432"},"modified":"2025-02-26T01:09:57","modified_gmt":"2025-02-26T01:09:57","slug":"myfootbed-bio-cognac","status":"publish","type":"product","link":"https:\/\/www.lazuli.pt\/fr\/produit\/myfootbed-bio-cognac\/","title":{"rendered":"myFOOTBED BIO Cognac"},"content":{"rendered":"<p>Pratiques et confortables, ce sont les sandales de choix pour les journ\u00e9es d&#039;\u00e9t\u00e9 les plus charg\u00e9es. Gr\u00e2ce \u00e0 la semelle anatomique en li\u00e8ge, vos pieds auront l&#039;impression d&#039;\u00eatre sur un petit nuage !<\/p>\n<p><strong>MAT\u00c9RIEL<\/strong>\u00a0| Microfibre<br \/>\n<strong>SEMELLE<\/strong>\u00a0| Plante de <a href=\"https:\/\/www.lazuli.pt\/fr\/materiais-cortica\/\">li\u00e8ge<\/a> avec caoutchouc et semelle en caoutchouc SBR<br \/>\n<strong>COLLEUR<\/strong> | Cognac<br \/>\n<strong>DOUBLURE<\/strong>\u00a0|\u00a0\u00a0<a title=\"Mat\u00e9riaux \u00e9cologiques : Bio-Eco Microfibre\" href=\"https:\/\/www.lazuli.pt\/fr\/materiais-cereais\/\">Microfibre Bio-Corn<\/a>\u00a0avec 60 % de ma\u00efs<br \/>\n<strong>SEMELLE INT\u00c9RIEUR<\/strong>\u00a0|\u00a0\u00a0<a title=\"Mat\u00e9riaux \u00e9cologiques : Bio-Eco Microfibre\" href=\"https:\/\/www.lazuli.pt\/fr\/materiais-cereais\/\">Microfibre Bio-Corn<\/a>\u00a0avec 60 % de ma\u00efs<br \/>\n<strong>EMBOUT\u00a0<\/strong>| Ronde<\/p>","protected":false},"excerpt":{"rendered":"<p>Pratiques et confortables, ce sont les sandales de choix pour les journ\u00e9es d&#039;\u00e9t\u00e9 les plus charg\u00e9es. Gr\u00e2ce \u00e0 la semelle anatomique en li\u00e8ge, vos pieds auront l&#039;impression d&#039;\u00eatre sur un petit nuage !<\/p>","protected":false},"featured_media":13434,"template":"","meta":[],"product_brand":[],"product_cat":[57,49],"product_tag":[47,54,55,51],"class_list":{"0":"post-13432","1":"product","2":"type-product","3":"status-publish","4":"has-post-thumbnail","6":"product_cat-myfootbed","7":"product_cat-sandalias","8":"product_tag-cereais","9":"product_tag-cortica","10":"product_tag-sandalia","11":"product_tag-sandalias","13":"first","14":"instock","15":"shipping-taxable","16":"product-type-external"},"aioseo_notices":[],"_links":{"self":[{"href":"https:\/\/www.lazuli.pt\/fr\/wp-json\/wp\/v2\/product\/13432","targetHints":{"allow":["GET"]}}],"collection":[{"href":"https:\/\/www.lazuli.pt\/fr\/wp-json\/wp\/v2\/product"}],"about":[{"href":"https:\/\/www.lazuli.pt\/fr\/wp-json\/wp\/v2\/types\/product"}],"version-history":[{"count":2,"href":"https:\/\/www.lazuli.pt\/fr\/wp-json\/wp\/v2\/product\/13432\/revisions"}],"predecessor-version":[{"id":13437,"href":"https:\/\/www.lazuli.pt\/fr\/wp-json\/wp\/v2\/product\/13432\/revisions\/13437"}],"wp:featuredmedia":[{"embeddable":true,"href":"https:\/\/www.lazuli.pt\/fr\/wp-json\/wp\/v2\/media\/13434"}],"wp:attachment":[{"href":"https:\/\/www.lazuli.pt\/fr\/wp-json\/wp\/v2\/media?parent=13432"}],"wp:term":[{"taxonomy":"product_brand","embeddable":true,"href":"https:\/\/www.lazuli.pt\/fr\/wp-json\/wp\/v2\/product_brand?post=13432"},{"taxonomy":"product_cat","embeddable":true,"href":"https:\/\/www.lazuli.pt\/fr\/wp-json\/wp\/v2\/product_cat?post=13432"},{"taxonomy":"product_tag","embeddable":true,"href":"https:\/\/www.lazuli.pt\/fr\/wp-json\/wp\/v2\/product_tag?post=13432"}],"curies":[{"name":"wp","href":"https:\/\/api.w.org\/{rel}","templated":true}]}}