{"id":13402,"date":"2025-02-25T19:04:58","date_gmt":"2025-02-25T19:04:58","guid":{"rendered":"https:\/\/www.lazuli.pt\/?post_type=product&#038;p=13402"},"modified":"2025-02-27T13:30:13","modified_gmt":"2025-02-27T13:30:13","slug":"mywedge-twist-peel-olive","status":"publish","type":"product","link":"https:\/\/www.lazuli.pt\/fr\/produit\/mywedge-twist-peel-olive\/","title":{"rendered":"myWEDGE TWIST PEEL Olive"},"content":{"rendered":"<p>Sandales \u00e0 talons hauts vegan fabriqu\u00e9es au Portugal. L&#039;ext\u00e9rieur est r\u00e9alis\u00e9 avec un tissu innovant fabriqu\u00e9 avec du 60% \u00e0 partir de composants v\u00e9g\u00e9taux, \u00e0 base de d\u00e9chets de ch\u00e2taigne. Parfait pour celles qui souhaitent porter des talons hauts sans perdre en confort gr\u00e2ce \u00e0 leur compensation frontale<\/p>\n<p><b class=\"produto-campo\">MAT\u00c9RIEL<\/b>\u00a0|Tissu fabriqu\u00e9 avec 60% de d\u00e9chets de ch\u00e2taignier<br \/>\n<b class=\"produto-campo\">SEMELLE<\/b>\u00a0|\u00a0<a href=\"https:\/\/www.lazuli.pt\/fr\/materiais-cortica\/\">Li\u00e8ge<\/a> et TR 50 % recycl\u00e9<br \/>\n<b class=\"produto-campo\">COLLEUR<\/b> | Vert<br \/>\n<b class=\"produto-campo\">SEMELLE INT\u00c9RIEUR<\/b> | <a href=\"https:\/\/www.lazuli.pt\/fr\/materiais-cortica\/\">Li\u00e8ge<\/a><br \/>\n<b class=\"produto-campo\">TALON<\/b>\u00a0| 9,0 cm avec compensation de 4,0 cm \u00e0 l&#039;avant<br \/>\n<b class=\"produto-campo\">EMBOUT<\/b>\u00a0| Ronde<\/p>","protected":false},"excerpt":{"rendered":"<p>Sandales \u00e0 talons hauts vegan fabriqu\u00e9es au Portugal. L&#039;ext\u00e9rieur est r\u00e9alis\u00e9 avec un tissu innovant fabriqu\u00e9 avec du 60% \u00e0 partir de composants v\u00e9g\u00e9taux, \u00e0 base de d\u00e9chets de ch\u00e2taigne. Parfait pour celles qui souhaitent porter des talons hauts sans perdre en confort gr\u00e2ce \u00e0 leur compensation frontale<\/p>","protected":false},"featured_media":13403,"template":"","meta":[],"product_brand":[],"product_cat":[53,49],"product_tag":[137,54,55,51],"class_list":{"0":"post-13402","1":"product","2":"type-product","3":"status-publish","4":"has-post-thumbnail","6":"product_cat-mywedge","7":"product_cat-sandalias","8":"product_tag-castanha","9":"product_tag-cortica","10":"product_tag-sandalia","11":"product_tag-sandalias","13":"first","14":"instock","15":"shipping-taxable","16":"product-type-external"},"aioseo_notices":[],"_links":{"self":[{"href":"https:\/\/www.lazuli.pt\/fr\/wp-json\/wp\/v2\/product\/13402","targetHints":{"allow":["GET"]}}],"collection":[{"href":"https:\/\/www.lazuli.pt\/fr\/wp-json\/wp\/v2\/product"}],"about":[{"href":"https:\/\/www.lazuli.pt\/fr\/wp-json\/wp\/v2\/types\/product"}],"version-history":[{"count":1,"href":"https:\/\/www.lazuli.pt\/fr\/wp-json\/wp\/v2\/product\/13402\/revisions"}],"predecessor-version":[{"id":13412,"href":"https:\/\/www.lazuli.pt\/fr\/wp-json\/wp\/v2\/product\/13402\/revisions\/13412"}],"wp:featuredmedia":[{"embeddable":true,"href":"https:\/\/www.lazuli.pt\/fr\/wp-json\/wp\/v2\/media\/13403"}],"wp:attachment":[{"href":"https:\/\/www.lazuli.pt\/fr\/wp-json\/wp\/v2\/media?parent=13402"}],"wp:term":[{"taxonomy":"product_brand","embeddable":true,"href":"https:\/\/www.lazuli.pt\/fr\/wp-json\/wp\/v2\/product_brand?post=13402"},{"taxonomy":"product_cat","embeddable":true,"href":"https:\/\/www.lazuli.pt\/fr\/wp-json\/wp\/v2\/product_cat?post=13402"},{"taxonomy":"product_tag","embeddable":true,"href":"https:\/\/www.lazuli.pt\/fr\/wp-json\/wp\/v2\/product_tag?post=13402"}],"curies":[{"name":"wp","href":"https:\/\/api.w.org\/{rel}","templated":true}]}}