{"id":13218,"date":"2024-12-26T23:59:09","date_gmt":"2024-12-26T23:59:09","guid":{"rendered":"https:\/\/www.lazuli.pt\/?post_type=product&#038;p=13218"},"modified":"2024-12-26T23:59:09","modified_gmt":"2024-12-26T23:59:09","slug":"mytennis-fck-normal","status":"publish","type":"product","link":"https:\/\/www.lazuli.pt\/fr\/produit\/mytennis-fck-normal\/","title":{"rendered":"myTENNIS F*CK NORMAL"},"content":{"rendered":"<p>Avec des lignes classiques et intemporelles, les baskets myTennis sont de retour dans des couleurs camel. Elles sont fabriqu\u00e9es \u00e0 partir de mat\u00e9riaux v\u00e9g\u00e9taliens et durables, dont uppeal, un tissu fabriqu\u00e9 \u00e0 partir de d\u00e9chets de pelures de pommes. Une basket styl\u00e9e \u00e0 porter dans les occasions plus d\u00e9contract\u00e9es!<\/p>\n<p><strong>MAT\u00c9RIEL<\/strong> | <a title=\"mat\u00e9riaux durables : peau de pomme\" href=\"https:\/\/www.lazuli.pt\/fr\/materiais-casca-de-maca\/\">Uppeal (tissu fabriqu\u00e9 \u00e0 partir de d\u00e9chets de pelures de pommes)<\/a><br \/>\n<strong>SEMELLE<\/strong>\u00a0| Caoutchouc avec 50% de mat\u00e9riaux recycl\u00e9s<br \/>\n<strong>COLLEUR<\/strong> | Camel<br \/>\n<strong>DOUBLURE<\/strong> |<a title=\"mat\u00e9riaux durables : peau de pomme\" href=\"https:\/\/www.lazuli.pt\/fr\/materiais-casca-de-maca\/\">Uppeal (tissu fabriqu\u00e9 \u00e0 partir de d\u00e9chets de pelures de pommes)<\/a><br \/>\n<strong>SEMELLE INT\u00c9RIEUR<\/strong>\u00a0| Latex doubl\u00e9 de microfibres<br \/>\n<strong>EMBOUT\u00a0<\/strong>| Ronde<\/p>","protected":false},"excerpt":{"rendered":"<p>Avec des lignes classiques et intemporelles, les baskets myTennis sont de retour dans des couleurs camel. Elles sont fabriqu\u00e9es \u00e0 partir de mat\u00e9riaux v\u00e9g\u00e9taliens et durables, dont uppeal, un tissu fabriqu\u00e9 \u00e0 partir de d\u00e9chets de pelures de pommes. Une basket styl\u00e9e \u00e0 porter dans les occasions plus d\u00e9contract\u00e9es!<\/p>","protected":false},"featured_media":13229,"template":"","meta":[],"product_brand":[],"product_cat":[59,42],"product_tag":[60,43],"class_list":{"0":"post-13218","1":"product","2":"type-product","3":"status-publish","4":"has-post-thumbnail","6":"product_cat-mytennis","7":"product_cat-sapatilhas","8":"product_tag-casca-maca","9":"product_tag-sapatilhas","11":"first","12":"instock","13":"shipping-taxable","14":"product-type-external"},"aioseo_notices":[],"_links":{"self":[{"href":"https:\/\/www.lazuli.pt\/fr\/wp-json\/wp\/v2\/product\/13218","targetHints":{"allow":["GET"]}}],"collection":[{"href":"https:\/\/www.lazuli.pt\/fr\/wp-json\/wp\/v2\/product"}],"about":[{"href":"https:\/\/www.lazuli.pt\/fr\/wp-json\/wp\/v2\/types\/product"}],"version-history":[{"count":2,"href":"https:\/\/www.lazuli.pt\/fr\/wp-json\/wp\/v2\/product\/13218\/revisions"}],"predecessor-version":[{"id":13231,"href":"https:\/\/www.lazuli.pt\/fr\/wp-json\/wp\/v2\/product\/13218\/revisions\/13231"}],"wp:featuredmedia":[{"embeddable":true,"href":"https:\/\/www.lazuli.pt\/fr\/wp-json\/wp\/v2\/media\/13229"}],"wp:attachment":[{"href":"https:\/\/www.lazuli.pt\/fr\/wp-json\/wp\/v2\/media?parent=13218"}],"wp:term":[{"taxonomy":"product_brand","embeddable":true,"href":"https:\/\/www.lazuli.pt\/fr\/wp-json\/wp\/v2\/product_brand?post=13218"},{"taxonomy":"product_cat","embeddable":true,"href":"https:\/\/www.lazuli.pt\/fr\/wp-json\/wp\/v2\/product_cat?post=13218"},{"taxonomy":"product_tag","embeddable":true,"href":"https:\/\/www.lazuli.pt\/fr\/wp-json\/wp\/v2\/product_tag?post=13218"}],"curies":[{"name":"wp","href":"https:\/\/api.w.org\/{rel}","templated":true}]}}