{"id":12018,"date":"2024-02-29T12:49:15","date_gmt":"2024-02-29T12:49:15","guid":{"rendered":"https:\/\/www.lazuli.pt\/?post_type=product&#038;p=12018"},"modified":"2024-03-15T23:16:57","modified_gmt":"2024-03-15T23:16:57","slug":"mytwist-wedge-camel","status":"publish","type":"product","link":"https:\/\/www.lazuli.pt\/fr\/produit\/mytwist-wedge-camel\/","title":{"rendered":"myTWIST WEDGE Chameau"},"content":{"rendered":"<p data-sanitized-data-mce-fragment=\"1\">Sandale v\u00e9g\u00e9talienne \u00e0 talon haut fabriqu\u00e9e au Portugal. L'ext\u00e9rieur est en polyester 100 % recycl\u00e9, avec une touche de daim qui conf\u00e8re au mod\u00e8le un aspect raffin\u00e9. Le talon haut est con\u00e7u pour les occasions sp\u00e9ciales o\u00f9 vous souhaitez conserver votre confort.<\/p>\n<p data-sanitized-data-mce-fragment=\"1\"><b class=\"produto-campo\" data-sanitized-data-mce-fragment=\"1\">MAT\u00c9RIEL<\/b> |\u00a0<a href=\"https:\/\/www.lazuli.pt\/fr\/materiais-tecido-reciclado\/\">50% tissu polyester recycl\u00e9<\/a>, avec une touche de su\u00e8de<br \/>\n<b class=\"produto-campo\" data-sanitized-data-mce-fragment=\"1\">SEMELLE<\/b> | <a href=\"https:\/\/www.lazuli.pt\/fr\/materiais-cortica\/\">Li\u00e8ge<\/a> et TR 50 % recycl\u00e9<br \/>\n<b class=\"produto-campo\" data-sanitized-data-mce-fragment=\"1\">COLLEUR<\/b> | Camel<br \/>\n<b class=\"produto-campo\" data-sanitized-data-mce-fragment=\"1\">SEMELLE INT\u00c9RIEUR<\/b> | <a title=\"Mat\u00e9riaux \u00e9cologiques : Bio-Eco Microfibre\" href=\"https:\/\/www.lazuli.pt\/fr\/materiais-cereais\/\" data-sanitized-data-mce-fragment=\"1\" data-sanitized-data-mce-href=\"https:\/\/shoelutions.store\/pages\/microfibra-bio-eco\">Microfibre Bio-Corn<\/a>\u00a0avec 60 % de ma\u00efs<br \/>\n<b class=\"produto-campo\" data-sanitized-data-mce-fragment=\"1\">TALON<\/b> | 9,0 cm avec un d\u00e9calage de 4,0 cm \u00e0 l'avant<br \/>\n<b class=\"produto-campo\" data-sanitized-data-mce-fragment=\"1\">EMBOUT<\/b> | Ronde<\/p>","protected":false},"excerpt":{"rendered":"<p>Sandale \u00e0 talon haut vegan fabriqu\u00e9e au Portugal. Fabriqu\u00e9e \u00e0 partir de mat\u00e9riaux recycl\u00e9s, elle est dot\u00e9e d&#039;un talon compens\u00e9 haut pour plus de confort.<\/p>","protected":false},"featured_media":12009,"template":"","meta":[],"product_brand":[],"product_cat":[53,49],"product_tag":[47,54,51,62],"class_list":{"0":"post-12018","1":"product","2":"type-product","3":"status-publish","4":"has-post-thumbnail","6":"product_cat-mywedge","7":"product_cat-sandalias","8":"product_tag-cereais","9":"product_tag-cortica","10":"product_tag-sandalias","11":"product_tag-tecido-reciclado","13":"first","14":"instock","15":"shipping-taxable","16":"product-type-external"},"aioseo_notices":[],"_links":{"self":[{"href":"https:\/\/www.lazuli.pt\/fr\/wp-json\/wp\/v2\/product\/12018","targetHints":{"allow":["GET"]}}],"collection":[{"href":"https:\/\/www.lazuli.pt\/fr\/wp-json\/wp\/v2\/product"}],"about":[{"href":"https:\/\/www.lazuli.pt\/fr\/wp-json\/wp\/v2\/types\/product"}],"version-history":[{"count":4,"href":"https:\/\/www.lazuli.pt\/fr\/wp-json\/wp\/v2\/product\/12018\/revisions"}],"predecessor-version":[{"id":12411,"href":"https:\/\/www.lazuli.pt\/fr\/wp-json\/wp\/v2\/product\/12018\/revisions\/12411"}],"wp:featuredmedia":[{"embeddable":true,"href":"https:\/\/www.lazuli.pt\/fr\/wp-json\/wp\/v2\/media\/12009"}],"wp:attachment":[{"href":"https:\/\/www.lazuli.pt\/fr\/wp-json\/wp\/v2\/media?parent=12018"}],"wp:term":[{"taxonomy":"product_brand","embeddable":true,"href":"https:\/\/www.lazuli.pt\/fr\/wp-json\/wp\/v2\/product_brand?post=12018"},{"taxonomy":"product_cat","embeddable":true,"href":"https:\/\/www.lazuli.pt\/fr\/wp-json\/wp\/v2\/product_cat?post=12018"},{"taxonomy":"product_tag","embeddable":true,"href":"https:\/\/www.lazuli.pt\/fr\/wp-json\/wp\/v2\/product_tag?post=12018"}],"curies":[{"name":"wp","href":"https:\/\/api.w.org\/{rel}","templated":true}]}}