{"id":10158,"date":"2023-09-06T15:39:21","date_gmt":"2023-09-06T15:39:21","guid":{"rendered":"https:\/\/www.lazuli.pt\/?post_type=product&#038;p=10158"},"modified":"2023-09-06T15:39:21","modified_gmt":"2023-09-06T15:39:21","slug":"mycombat-dallas-black","status":"publish","type":"product","link":"https:\/\/www.lazuli.pt\/en\/product\/mycombat-dallas-black\/","title":{"rendered":"myCOMBAT DALLAS Black"},"content":{"rendered":"<p>The military-style boots that have never gone out of fashion. The myCOMBAT Boot Dallas have unique and different details that can be worn on both cold or hot days.<\/p>\n<p><strong data-sanitized-data-mce-fragment=\"1\">MATERIAL<\/strong><span data-sanitized-data-mce-fragment=\"1\"> | <a title=\"Sustainable materials: Bio-Eco Microfibre\" href=\"https:\/\/www.lazuli.pt\/en\/materiais-cereais\/\" data-sanitized-data-mce-fragment=\"1\" data-sanitized-data-mce-href=\"https:\/\/shoelutions.store\/pages\/microfibra-bio-eco\">Bio-corn<\/a>\u00a0(organic components with recycled fibers)<\/span><br data-sanitized-data-mce-fragment=\"1\" \/><strong data-sanitized-data-mce-fragment=\"1\">SOLE<\/strong><span data-sanitized-data-mce-fragment=\"1\"> | TR Rubber with 50% recycled materials<\/span><br data-sanitized-data-mce-fragment=\"1\" \/><strong data-sanitized-data-mce-fragment=\"1\">COLOR<\/strong><span data-sanitized-data-mce-fragment=\"1\"> | Black<\/span><br data-sanitized-data-mce-fragment=\"1\" \/><strong data-sanitized-data-mce-fragment=\"1\">LINNING<\/strong><span data-sanitized-data-mce-fragment=\"1\"> | <a title=\"Sustainable materials: Bio-Eco Microfibre\" href=\"https:\/\/www.lazuli.pt\/en\/materiais-cereais\/\" data-sanitized-data-mce-fragment=\"1\" data-sanitized-data-mce-href=\"https:\/\/shoelutions.store\/pages\/microfibra-bio-eco\">Bio-Eco Microfiber<\/a><\/span><br data-sanitized-data-mce-fragment=\"1\" \/><strong data-sanitized-data-mce-fragment=\"1\">INSOLE<\/strong><span data-sanitized-data-mce-fragment=\"1\"> | <a title=\"Sustainable materials: Bio-Eco Microfibre\" href=\"https:\/\/www.lazuli.pt\/en\/materiais-cereais\/\" data-sanitized-data-mce-fragment=\"1\" data-sanitized-data-mce-href=\"https:\/\/shoelutions.store\/pages\/microfibra-bio-eco\">Bio-Eco Microfiber<\/a><\/span><br data-sanitized-data-mce-fragment=\"1\" \/><strong data-sanitized-data-mce-fragment=\"1\">HEEL HEIGHT\u00a0<\/strong><span data-sanitized-data-mce-fragment=\"1\">| 1,5 cm<\/span><br data-sanitized-data-mce-fragment=\"1\" \/><strong data-sanitized-data-mce-fragment=\"1\">TOE CAP\u00a0<\/strong><span data-sanitized-data-mce-fragment=\"1\">| Round<\/span><\/p>","protected":false},"excerpt":{"rendered":"<p>As botas em estilo militar que nunca sa\u00edram de moda. As myCombat t\u00eam detalhes \u00fanicos e diferentes, que podem ser usadas tanto nos dias mais frios como nos quentes. MATERIAL | Bio-corn\u00a0(componentes org\u00e2nicos com fibras recicladas)SOLA | Borracha TR com 50% materiais recicladosCOR | PretoFORRO | Microfibra Bio-EcoPALMILHA | Microfibra Bio-EcoSALTO\u00a0| 1,5 cmBIQUEIRA\u00a0| Redonda<\/p>","protected":false},"featured_media":10049,"template":"","meta":[],"product_brand":[],"product_cat":[35,48],"product_tag":[36,47],"class_list":{"0":"post-10158","1":"product","2":"type-product","3":"status-publish","4":"has-post-thumbnail","6":"product_cat-botas","7":"product_cat-mycombat","8":"product_tag-botas","9":"product_tag-cereais","11":"first","12":"instock","13":"shipping-taxable","14":"product-type-external"},"aioseo_notices":[],"_links":{"self":[{"href":"https:\/\/www.lazuli.pt\/en\/wp-json\/wp\/v2\/product\/10158","targetHints":{"allow":["GET"]}}],"collection":[{"href":"https:\/\/www.lazuli.pt\/en\/wp-json\/wp\/v2\/product"}],"about":[{"href":"https:\/\/www.lazuli.pt\/en\/wp-json\/wp\/v2\/types\/product"}],"version-history":[{"count":2,"href":"https:\/\/www.lazuli.pt\/en\/wp-json\/wp\/v2\/product\/10158\/revisions"}],"predecessor-version":[{"id":10237,"href":"https:\/\/www.lazuli.pt\/en\/wp-json\/wp\/v2\/product\/10158\/revisions\/10237"}],"wp:featuredmedia":[{"embeddable":true,"href":"https:\/\/www.lazuli.pt\/en\/wp-json\/wp\/v2\/media\/10049"}],"wp:attachment":[{"href":"https:\/\/www.lazuli.pt\/en\/wp-json\/wp\/v2\/media?parent=10158"}],"wp:term":[{"taxonomy":"product_brand","embeddable":true,"href":"https:\/\/www.lazuli.pt\/en\/wp-json\/wp\/v2\/product_brand?post=10158"},{"taxonomy":"product_cat","embeddable":true,"href":"https:\/\/www.lazuli.pt\/en\/wp-json\/wp\/v2\/product_cat?post=10158"},{"taxonomy":"product_tag","embeddable":true,"href":"https:\/\/www.lazuli.pt\/en\/wp-json\/wp\/v2\/product_tag?post=10158"}],"curies":[{"name":"wp","href":"https:\/\/api.w.org\/{rel}","templated":true}]}}