{"id":14262,"date":"2025-09-12T10:34:47","date_gmt":"2025-09-12T10:34:47","guid":{"rendered":"https:\/\/www.lazuli.pt\/?page_id=14262"},"modified":"2025-09-12T10:48:51","modified_gmt":"2025-09-12T10:48:51","slug":"colecao_collabs_mytennis-lignify","status":"publish","type":"page","link":"https:\/\/www.lazuli.pt\/en\/colecao_collabs_mytennis-lignify\/","title":{"rendered":"COLE\u00c7\u00c3O_COLLABS_myTENNIS LIGNIFY"},"content":{"rendered":"\t\t<div data-elementor-type=\"wp-page\" data-elementor-id=\"14262\" class=\"elementor elementor-14262\" data-elementor-post-type=\"page\">\n\t\t\t\t\t\t<section class=\"elementor-section elementor-top-section elementor-element elementor-element-5ec0a05 elementor-section-full_width elementor-section-height-min-height elementor-section-items-top elementor-section-height-default\" data-id=\"5ec0a05\" data-element_type=\"section\" data-e-type=\"section\" data-settings=\"{&quot;background_background&quot;:&quot;classic&quot;}\">\n\t\t\t\t\t\t<div class=\"elementor-container elementor-column-gap-no\">\n\t\t\t\t\t<div class=\"elementor-column elementor-col-100 elementor-top-column elementor-element elementor-element-4e52420\" data-id=\"4e52420\" data-element_type=\"column\" data-e-type=\"column\">\n\t\t\t<div class=\"elementor-widget-wrap elementor-element-populated\">\n\t\t\t\t\t\t<div class=\"elementor-element elementor-element-23e1726 elementor-invisible elementor-widget elementor-widget-heading\" data-id=\"23e1726\" data-element_type=\"widget\" data-e-type=\"widget\" data-settings=\"{&quot;_animation&quot;:&quot;slideInRight&quot;}\" data-widget_type=\"heading.default\">\n\t\t\t\t<div class=\"elementor-widget-container\">\n\t\t\t\t\t<h2 class=\"elementor-heading-title elementor-size-default\">myTENNIS Lignify<\/h2>\t\t\t\t<\/div>\n\t\t\t\t<\/div>\n\t\t\t\t\t<\/div>\n\t\t<\/div>\n\t\t\t\t\t<\/div>\n\t\t<\/section>\n\t\t\t\t<section class=\"elementor-section elementor-top-section elementor-element elementor-element-0abcd26 elementor-section-full_width elementor-section-height-default elementor-section-height-default\" data-id=\"0abcd26\" data-element_type=\"section\" data-e-type=\"section\" data-settings=\"{&quot;background_background&quot;:&quot;classic&quot;}\">\n\t\t\t\t\t\t<div class=\"elementor-container elementor-column-gap-default\">\n\t\t\t\t\t<div class=\"elementor-column elementor-col-100 elementor-top-column elementor-element elementor-element-a7b9596\" data-id=\"a7b9596\" data-element_type=\"column\" data-e-type=\"column\">\n\t\t\t<div class=\"elementor-widget-wrap elementor-element-populated\">\n\t\t\t\t\t\t<div class=\"elementor-element elementor-element-8ef8a6f elementor-widget elementor-widget-text-editor\" data-id=\"8ef8a6f\" data-element_type=\"widget\" data-e-type=\"widget\" data-settings=\"{&quot;motion_fx_motion_fx_scrolling&quot;:&quot;yes&quot;,&quot;motion_fx_translateX_effect&quot;:&quot;yes&quot;,&quot;motion_fx_translateX_speed&quot;:{&quot;unit&quot;:&quot;px&quot;,&quot;size&quot;:4,&quot;sizes&quot;:[]},&quot;motion_fx_translateX_affectedRange&quot;:{&quot;unit&quot;:&quot;%&quot;,&quot;size&quot;:&quot;&quot;,&quot;sizes&quot;:{&quot;start&quot;:0,&quot;end&quot;:100}},&quot;motion_fx_devices&quot;:[&quot;desktop&quot;,&quot;tablet&quot;,&quot;mobile&quot;]}\" data-widget_type=\"text-editor.default\">\n\t\t\t\t<div class=\"elementor-widget-container\">\n\t\t\t\t\t\t\t\t\t<p>Uma sapatilha feita da natureza<\/p>\t\t\t\t\t\t\t\t<\/div>\n\t\t\t\t<\/div>\n\t\t\t\t\t<\/div>\n\t\t<\/div>\n\t\t\t\t\t<\/div>\n\t\t<\/section>\n\t\t<div class=\"elementor-element elementor-element-b8dae5f e-flex e-con-boxed e-con e-parent\" data-id=\"b8dae5f\" data-element_type=\"container\" data-e-type=\"container\">\n\t\t\t\t\t<div class=\"e-con-inner\">\n\t\t\t\t<div class=\"elementor-element elementor-element-8bf24c3 elementor-widget elementor-widget-text-editor\" data-id=\"8bf24c3\" data-element_type=\"widget\" data-e-type=\"widget\" data-widget_type=\"text-editor.default\">\n\t\t\t\t<div class=\"elementor-widget-container\">\n\t\t\t\t\t\t\t\t\t<p data-start=\"94\" data-end=\"236\">A <strong data-start=\"96\" data-end=\"107\">Lignify<\/strong> criou um tecido inovador \u00e0 base de plantas, desenvolvido a partir da <strong data-start=\"177\" data-end=\"188\">lignina<\/strong>, um subproduto natural da ind\u00fastria do papel.<\/p><p data-start=\"238\" data-end=\"426\">Ao transformar este res\u00edduo em mat\u00e9ria-prima, damos uma nova vida a um recurso muitas vezes desperdi\u00e7ado, criando uma alternativa sustent\u00e1vel ao couro, totalmente livre de origem animal.<\/p><p data-start=\"428\" data-end=\"611\">O resultado \u00e9 um material <strong data-start=\"454\" data-end=\"511\">antibacteriano, dur\u00e1vel, flex\u00edvel e resistente \u00e0 \u00e1gua<\/strong>, ideal para aplica\u00e7\u00f5es na ind\u00fastria do cal\u00e7ado como esta sapatilha vers\u00e1til e amiga do planeta.<\/p>\t\t\t\t\t\t\t\t<\/div>\n\t\t\t\t<\/div>\n\t\t\t\t\t<\/div>\n\t\t\t\t<\/div>\n\t\t<div class=\"elementor-element elementor-element-bd2bf3e e-flex e-con-boxed e-con e-parent\" data-id=\"bd2bf3e\" data-element_type=\"container\" data-e-type=\"container\">\n\t\t\t\t\t<div class=\"e-con-inner\">\n\t\t<div class=\"elementor-element elementor-element-407f79c e-con-full e-flex e-con e-child\" data-id=\"407f79c\" data-element_type=\"container\" data-e-type=\"container\">\n\t\t\t\t<div class=\"elementor-element elementor-element-cdcbf0b elementor-widget elementor-widget-heading\" data-id=\"cdcbf0b\" data-element_type=\"widget\" data-e-type=\"widget\" data-widget_type=\"heading.default\">\n\t\t\t\t<div class=\"elementor-widget-container\">\n\t\t\t\t\t<h4 class=\"elementor-heading-title elementor-size-default\">myTENNIS Lignify<\/h4>\t\t\t\t<\/div>\n\t\t\t\t<\/div>\n\t\t\t\t<div class=\"elementor-element elementor-element-7b0151d elementor-widget elementor-widget-text-editor\" data-id=\"7b0151d\" data-element_type=\"widget\" data-e-type=\"widget\" data-widget_type=\"text-editor.default\">\n\t\t\t\t<div class=\"elementor-widget-container\">\n\t\t\t\t\t\t\t\t\t<p data-sanitized-data-mce-fragment=\"1\">Fabricados com um tecido inovador e sustent\u00e1vel, estas sapatilhas s\u00e3o feitas de lignina, um material reaproveitado dos desperd\u00edcios da industria do papel.<\/p><p data-sanitized-data-mce-fragment=\"1\">Um sneaker cheio de estilo e sustent\u00e1vel para usares nas ocasi\u00f5es mais descontra\u00eddas!<\/p>\t\t\t\t\t\t\t\t<\/div>\n\t\t\t\t<\/div>\n\t\t\t\t<div class=\"elementor-element elementor-element-a1260c2 elementor-widget__width-auto elementor-mobile-align-justify elementor-align-left elementor-widget elementor-widget-button\" data-id=\"a1260c2\" data-element_type=\"widget\" data-e-type=\"widget\" data-widget_type=\"button.default\">\n\t\t\t\t<div class=\"elementor-widget-container\">\n\t\t\t\t\t\t\t\t\t<div class=\"elementor-button-wrapper\">\n\t\t\t\t\t<a class=\"elementor-button elementor-button-link elementor-size-sm elementor-animation-grow\" href=\"https:\/\/shoelutions.store\/products\/mytennis-lignify\" target=\"_blank\">\n\t\t\t\t\t\t<span class=\"elementor-button-content-wrapper\">\n\t\t\t\t\t\t\t\t\t<span class=\"elementor-button-text\">Comprar<\/span>\n\t\t\t\t\t<\/span>\n\t\t\t\t\t<\/a>\n\t\t\t\t<\/div>\n\t\t\t\t\t\t\t\t<\/div>\n\t\t\t\t<\/div>\n\t\t\t\t<\/div>\n\t\t<div class=\"elementor-element elementor-element-9f06d8c e-con-full e-flex e-con e-child\" data-id=\"9f06d8c\" data-element_type=\"container\" data-e-type=\"container\">\n\t\t\t\t<div class=\"elementor-element elementor-element-1ab7394 elementor-widget elementor-widget-gallery\" data-id=\"1ab7394\" data-element_type=\"widget\" data-e-type=\"widget\" data-settings=\"{&quot;gap&quot;:{&quot;unit&quot;:&quot;px&quot;,&quot;size&quot;:5,&quot;sizes&quot;:[]},&quot;columns&quot;:1,&quot;columns_tablet&quot;:1,&quot;gap_mobile&quot;:{&quot;unit&quot;:&quot;px&quot;,&quot;size&quot;:0,&quot;sizes&quot;:[]},&quot;aspect_ratio&quot;:&quot;1:1&quot;,&quot;gallery_layout&quot;:&quot;grid&quot;,&quot;columns_mobile&quot;:1,&quot;gap_tablet&quot;:{&quot;unit&quot;:&quot;px&quot;,&quot;size&quot;:10,&quot;sizes&quot;:[]},&quot;link_to&quot;:&quot;file&quot;,&quot;content_hover_animation&quot;:&quot;fade-in&quot;}\" data-widget_type=\"gallery.default\">\n\t\t\t\t<div class=\"elementor-widget-container\">\n\t\t\t\t\t\t\t<div class=\"elementor-gallery__container\">\n\t\t\t\t\t\t\t<a class=\"e-gallery-item elementor-gallery-item elementor-animated-content\" href=\"https:\/\/www.lazuli.pt\/wp-content\/uploads\/2025\/08\/mytennis-lingify2.jpg\" data-elementor-open-lightbox=\"yes\" data-elementor-lightbox-slideshow=\"1ab7394\" data-elementor-lightbox-title=\"mytennis-lingify2\" data-e-action-hash=\"#elementor-action%3Aaction%3Dlightbox%26settings%3DeyJpZCI6MTQyMzksInVybCI6Imh0dHBzOlwvXC93d3cubGF6dWxpLnB0XC93cC1jb250ZW50XC91cGxvYWRzXC8yMDI1XC8wOFwvbXl0ZW5uaXMtbGluZ2lmeTIuanBnIiwic2xpZGVzaG93IjoiMWFiNzM5NCJ9\">\n\t\t\t\t\t<div class=\"e-gallery-image elementor-gallery-item__image\" data-thumbnail=\"https:\/\/www.lazuli.pt\/wp-content\/uploads\/2025\/08\/mytennis-lingify2-768x1024.jpg\" data-width=\"768\" data-height=\"1024\" aria-label=\"\" role=\"img\" ><\/div>\n\t\t\t\t\t\t\t\t\t\t\t\t\t\t<\/a>\n\t\t\t\t\t<\/div>\n\t\t\t\t\t<\/div>\n\t\t\t\t<\/div>\n\t\t\t\t<\/div>\n\t\t\t\t\t<\/div>\n\t\t\t\t<\/div>\n\t\t<div class=\"elementor-element elementor-element-28e3755 e-con-full e-flex e-con e-parent\" data-id=\"28e3755\" data-element_type=\"container\" data-e-type=\"container\">\n\t\t<div class=\"elementor-element elementor-element-6b37041 e-flex e-con-boxed e-con e-child\" data-id=\"6b37041\" data-element_type=\"container\" data-e-type=\"container\">\n\t\t\t\t\t<div class=\"e-con-inner\">\n\t\t\t\t<div class=\"elementor-element elementor-element-2e6c6b5 elementor-widget elementor-widget-gallery\" data-id=\"2e6c6b5\" data-element_type=\"widget\" data-e-type=\"widget\" data-settings=\"{&quot;aspect_ratio&quot;:&quot;1:1&quot;,&quot;columns_tablet&quot;:4,&quot;lazyload&quot;:&quot;yes&quot;,&quot;gallery_layout&quot;:&quot;grid&quot;,&quot;columns&quot;:4,&quot;columns_mobile&quot;:1,&quot;gap&quot;:{&quot;unit&quot;:&quot;px&quot;,&quot;size&quot;:10,&quot;sizes&quot;:[]},&quot;gap_tablet&quot;:{&quot;unit&quot;:&quot;px&quot;,&quot;size&quot;:10,&quot;sizes&quot;:[]},&quot;gap_mobile&quot;:{&quot;unit&quot;:&quot;px&quot;,&quot;size&quot;:10,&quot;sizes&quot;:[]},&quot;link_to&quot;:&quot;file&quot;,&quot;content_hover_animation&quot;:&quot;fade-in&quot;}\" data-widget_type=\"gallery.default\">\n\t\t\t\t<div class=\"elementor-widget-container\">\n\t\t\t\t\t\t\t<div class=\"elementor-gallery__container\">\n\t\t\t\t\t\t\t<a class=\"e-gallery-item elementor-gallery-item elementor-animated-content\" href=\"https:\/\/www.lazuli.pt\/wp-content\/uploads\/2025\/08\/LAZULI-x-LIGNIFY-v03.jpg\" data-elementor-open-lightbox=\"yes\" data-elementor-lightbox-slideshow=\"2e6c6b5\" data-elementor-lightbox-title=\"LAZULI x LIGNIFY v03\" data-e-action-hash=\"#elementor-action%3Aaction%3Dlightbox%26settings%3DeyJpZCI6MTQyMzYsInVybCI6Imh0dHBzOlwvXC93d3cubGF6dWxpLnB0XC93cC1jb250ZW50XC91cGxvYWRzXC8yMDI1XC8wOFwvTEFaVUxJLXgtTElHTklGWS12MDMuanBnIiwic2xpZGVzaG93IjoiMmU2YzZiNSJ9\">\n\t\t\t\t\t<div class=\"e-gallery-image elementor-gallery-item__image\" data-thumbnail=\"https:\/\/www.lazuli.pt\/wp-content\/uploads\/2025\/08\/LAZULI-x-LIGNIFY-v03-1024x1024.jpg\" data-width=\"800\" data-height=\"800\" aria-label=\"\" role=\"img\" ><\/div>\n\t\t\t\t\t\t\t\t\t\t\t\t\t\t<\/a>\n\t\t\t\t\t\t\t<a class=\"e-gallery-item elementor-gallery-item elementor-animated-content\" href=\"https:\/\/www.lazuli.pt\/wp-content\/uploads\/2025\/08\/LAZULI-x-LIGNIFY-v02.jpg\" data-elementor-open-lightbox=\"yes\" data-elementor-lightbox-slideshow=\"2e6c6b5\" data-elementor-lightbox-title=\"LAZULI x LIGNIFY v02\" data-e-action-hash=\"#elementor-action%3Aaction%3Dlightbox%26settings%3DeyJpZCI6MTQyMzUsInVybCI6Imh0dHBzOlwvXC93d3cubGF6dWxpLnB0XC93cC1jb250ZW50XC91cGxvYWRzXC8yMDI1XC8wOFwvTEFaVUxJLXgtTElHTklGWS12MDIuanBnIiwic2xpZGVzaG93IjoiMmU2YzZiNSJ9\">\n\t\t\t\t\t<div class=\"e-gallery-image elementor-gallery-item__image\" data-thumbnail=\"https:\/\/www.lazuli.pt\/wp-content\/uploads\/2025\/08\/LAZULI-x-LIGNIFY-v02-1024x1024.jpg\" data-width=\"800\" data-height=\"800\" aria-label=\"\" role=\"img\" ><\/div>\n\t\t\t\t\t\t\t\t\t\t\t\t\t\t<\/a>\n\t\t\t\t\t\t\t<a class=\"e-gallery-item elementor-gallery-item elementor-animated-content\" href=\"https:\/\/www.lazuli.pt\/wp-content\/uploads\/2025\/08\/LAZULI-x-LIGNIFY-v01.jpg\" data-elementor-open-lightbox=\"yes\" data-elementor-lightbox-slideshow=\"2e6c6b5\" data-elementor-lightbox-title=\"LAZULI x LIGNIFY v01\" data-e-action-hash=\"#elementor-action%3Aaction%3Dlightbox%26settings%3DeyJpZCI6MTQyMzQsInVybCI6Imh0dHBzOlwvXC93d3cubGF6dWxpLnB0XC93cC1jb250ZW50XC91cGxvYWRzXC8yMDI1XC8wOFwvTEFaVUxJLXgtTElHTklGWS12MDEuanBnIiwic2xpZGVzaG93IjoiMmU2YzZiNSJ9\">\n\t\t\t\t\t<div class=\"e-gallery-image elementor-gallery-item__image\" data-thumbnail=\"https:\/\/www.lazuli.pt\/wp-content\/uploads\/2025\/08\/LAZULI-x-LIGNIFY-v01-1024x1024.jpg\" data-width=\"800\" data-height=\"800\" aria-label=\"\" role=\"img\" ><\/div>\n\t\t\t\t\t\t\t\t\t\t\t\t\t\t<\/a>\n\t\t\t\t\t\t\t<a class=\"e-gallery-item elementor-gallery-item elementor-animated-content\" href=\"https:\/\/www.lazuli.pt\/wp-content\/uploads\/2025\/08\/LAZULI-x-LIGNIFY-v04.jpg\" data-elementor-open-lightbox=\"yes\" data-elementor-lightbox-slideshow=\"2e6c6b5\" data-elementor-lightbox-title=\"LAZULI x LIGNIFY v04\" data-e-action-hash=\"#elementor-action%3Aaction%3Dlightbox%26settings%3DeyJpZCI6MTQyMzcsInVybCI6Imh0dHBzOlwvXC93d3cubGF6dWxpLnB0XC93cC1jb250ZW50XC91cGxvYWRzXC8yMDI1XC8wOFwvTEFaVUxJLXgtTElHTklGWS12MDQuanBnIiwic2xpZGVzaG93IjoiMmU2YzZiNSJ9\">\n\t\t\t\t\t<div class=\"e-gallery-image elementor-gallery-item__image\" data-thumbnail=\"https:\/\/www.lazuli.pt\/wp-content\/uploads\/2025\/08\/LAZULI-x-LIGNIFY-v04-1024x1024.jpg\" data-width=\"800\" data-height=\"800\" aria-label=\"\" role=\"img\" ><\/div>\n\t\t\t\t\t\t\t\t\t\t\t\t\t\t<\/a>\n\t\t\t\t\t<\/div>\n\t\t\t\t\t<\/div>\n\t\t\t\t<\/div>\n\t\t\t\t\t<\/div>\n\t\t\t\t<\/div>\n\t\t\t\t<\/div>\n\t\t\t\t<\/div>\n\t\t","protected":false},"excerpt":{"rendered":"<p>myTENNIS Lignify Uma sapatilha feita da natureza A Lignify criou um tecido inovador \u00e0 base de plantas, desenvolvido a partir da lignina, um subproduto natural da ind\u00fastria do papel. Ao transformar este res\u00edduo em mat\u00e9ria-prima, damos uma nova vida a um recurso muitas vezes desperdi\u00e7ado, criando uma alternativa sustent\u00e1vel ao couro, totalmente livre de origem [&hellip;]<\/p>\n","protected":false},"author":3,"featured_media":0,"parent":0,"menu_order":0,"comment_status":"closed","ping_status":"closed","template":"","meta":{"footnotes":""},"class_list":["post-14262","page","type-page","status-publish","hentry"],"aioseo_notices":[],"_links":{"self":[{"href":"https:\/\/www.lazuli.pt\/en\/wp-json\/wp\/v2\/pages\/14262","targetHints":{"allow":["GET"]}}],"collection":[{"href":"https:\/\/www.lazuli.pt\/en\/wp-json\/wp\/v2\/pages"}],"about":[{"href":"https:\/\/www.lazuli.pt\/en\/wp-json\/wp\/v2\/types\/page"}],"author":[{"embeddable":true,"href":"https:\/\/www.lazuli.pt\/en\/wp-json\/wp\/v2\/users\/3"}],"replies":[{"embeddable":true,"href":"https:\/\/www.lazuli.pt\/en\/wp-json\/wp\/v2\/comments?post=14262"}],"version-history":[{"count":13,"href":"https:\/\/www.lazuli.pt\/en\/wp-json\/wp\/v2\/pages\/14262\/revisions"}],"predecessor-version":[{"id":14349,"href":"https:\/\/www.lazuli.pt\/en\/wp-json\/wp\/v2\/pages\/14262\/revisions\/14349"}],"wp:attachment":[{"href":"https:\/\/www.lazuli.pt\/en\/wp-json\/wp\/v2\/media?parent=14262"}],"curies":[{"name":"wp","href":"https:\/\/api.w.org\/{rel}","templated":true}]}}